{"id":103,"date":"2025-05-20T12:52:44","date_gmt":"2025-05-20T12:52:44","guid":{"rendered":"https:\/\/instaltech.net.pl\/?page_id=103"},"modified":"2025-07-13T08:23:45","modified_gmt":"2025-07-13T08:23:45","slug":"elementor-103","status":"publish","type":"page","link":"https:\/\/instaltech.net.pl\/?page_id=103","title":{"rendered":"Systemy alarmowe"},"content":{"rendered":"\t\t<div data-elementor-type=\"wp-post\" data-elementor-id=\"103\" class=\"elementor elementor-103\">\n\t\t\t\t<div class=\"elementor-element elementor-element-9b9f02c e-flex e-con-boxed e-con e-parent\" data-id=\"9b9f02c\" data-element_type=\"container\">\n\t\t\t\t\t<div class=\"e-con-inner\">\n\t\t<div class=\"elementor-element elementor-element-fa55d13 e-con-full e-flex e-con e-child\" data-id=\"fa55d13\" data-element_type=\"container\">\n\t\t\t\t<div class=\"elementor-element elementor-element-804e8c0 elementor-widget elementor-widget-image\" data-id=\"804e8c0\" data-element_type=\"widget\" data-widget_type=\"image.default\">\n\t\t\t\t<div class=\"elementor-widget-container\">\n\t\t\t\t\t\t\t\t\t\t\t\t\t\t\t<img fetchpriority=\"high\" decoding=\"async\" width=\"1024\" height=\"679\" src=\"https:\/\/instaltech.net.pl\/wp-content\/uploads\/2025\/05\/36-1024x679.jpg\" class=\"attachment-large size-large wp-image-93\" alt=\"\" srcset=\"https:\/\/instaltech.net.pl\/wp-content\/uploads\/2025\/05\/36-1024x679.jpg 1024w, https:\/\/instaltech.net.pl\/wp-content\/uploads\/2025\/05\/36-300x199.jpg 300w, https:\/\/instaltech.net.pl\/wp-content\/uploads\/2025\/05\/36-768x509.jpg 768w, https:\/\/instaltech.net.pl\/wp-content\/uploads\/2025\/05\/36.jpg 1281w\" sizes=\"(max-width: 1024px) 100vw, 1024px\" \/>\t\t\t\t\t\t\t\t\t\t\t\t\t\t\t<\/div>\n\t\t\t\t<\/div>\n\t\t\t\t<\/div>\n\t\t<div class=\"elementor-element elementor-element-b80dc41 e-con-full e-flex e-con e-child\" data-id=\"b80dc41\" data-element_type=\"container\">\n\t\t\t\t<div class=\"elementor-element elementor-element-a8a646c elementor-widget elementor-widget-text-editor\" data-id=\"a8a646c\" data-element_type=\"widget\" data-widget_type=\"text-editor.default\">\n\t\t\t\t<div class=\"elementor-widget-container\">\n\t\t\t\t\t\t\t\t\t<p><span class=\"_fadeIn_m1hgl_8\">Zapewniamy <\/span><span class=\"_fadeIn_m1hgl_8\">kompleksowe <\/span><span class=\"_fadeIn_m1hgl_8\">us\u0142ugi <\/span><span class=\"_fadeIn_m1hgl_8\">w <\/span><span class=\"_fadeIn_m1hgl_8\">zakresie <\/span><span class=\"_fadeIn_m1hgl_8\">monta\u017cu, <\/span><span class=\"_fadeIn_m1hgl_8\">konfiguracji <\/span><span class=\"_fadeIn_m1hgl_8\">i <\/span><span class=\"_fadeIn_m1hgl_8\">serwisu <\/span><span class=\"_fadeIn_m1hgl_8\">system\u00f3w <\/span><span class=\"_fadeIn_m1hgl_8\">alarmowych, <\/span><span class=\"_fadeIn_m1hgl_8\">skierowane <\/span><span class=\"_fadeIn_m1hgl_8\">zar\u00f3wno <\/span><span class=\"_fadeIn_m1hgl_8\">do <\/span><span class=\"_fadeIn_m1hgl_8\">firm, <\/span><span class=\"_fadeIn_m1hgl_8\">jak <\/span><span class=\"_fadeIn_m1hgl_8\">i <\/span><span class=\"_fadeIn_m1hgl_8\">u\u017cytkownik\u00f3w <\/span><span class=\"_fadeIn_m1hgl_8\">prywatnych. <\/span><span class=\"_fadeIn_m1hgl_8\">Dzia\u0142amy <\/span><span class=\"_fadeIn_m1hgl_8\">na <\/span><span class=\"_fadeIn_m1hgl_8\">rynku <\/span><span class=\"_fadeIn_m1hgl_8\">od <\/span><span class=\"_fadeIn_m1hgl_8\">wielu <\/span><span class=\"_fadeIn_m1hgl_8\">lat, <\/span><span class=\"_fadeIn_m1hgl_8\">dostarczaj\u0105c <\/span><span class=\"_fadeIn_m1hgl_8\">sprawdzone <\/span><span class=\"_fadeIn_m1hgl_8\">i <\/span><span class=\"_fadeIn_m1hgl_8\">skuteczne <\/span><span class=\"_fadeIn_m1hgl_8\">rozwi\u0105zania, <\/span><span class=\"_fadeIn_m1hgl_8\">kt\u00f3re <\/span><span class=\"_fadeIn_m1hgl_8\">realnie <\/span><span class=\"_fadeIn_m1hgl_8\">podnosz\u0105 <\/span><span class=\"_fadeIn_m1hgl_8\">poziom <\/span><span class=\"_fadeIn_m1hgl_8\">bezpiecze\u0144stwa <\/span><span class=\"_fadeIn_m1hgl_8\">obiekt\u00f3w \u2013 <\/span><span class=\"_fadeIn_m1hgl_8\">od <\/span><span class=\"_fadeIn_m1hgl_8\">mieszka\u0144 <\/span><span class=\"_fadeIn_m1hgl_8\">i <\/span><span class=\"_fadeIn_m1hgl_8\">dom\u00f3w <\/span><span class=\"_fadeIn_m1hgl_8\">jednorodzinnych <\/span><span class=\"_fadeIn_m1hgl_8\">po <\/span><span class=\"_fadeIn_m1hgl_8\">biura, <\/span><span class=\"_fadeIn_m1hgl_8\">magazyny, <\/span><span class=\"_fadeIn_m1hgl_8\">hale <\/span><span class=\"_fadeIn_m1hgl_8\">produkcyjne <\/span><span class=\"_fadeIn_m1hgl_8\">czy <\/span><span class=\"_fadeIn_m1hgl_8\">plac\u00f3wki <\/span><span class=\"_fadeIn_m1hgl_8\">handlowe.<\/span><\/p>\t\t\t\t\t\t\t\t<\/div>\n\t\t\t\t<\/div>\n\t\t\t\t<\/div>\n\t\t\t\t\t<\/div>\n\t\t\t\t<\/div>\n\t\t<div class=\"elementor-element elementor-element-b4edd5d e-flex e-con-boxed e-con e-parent\" data-id=\"b4edd5d\" data-element_type=\"container\">\n\t\t\t\t\t<div class=\"e-con-inner\">\n\t\t\t\t<div class=\"elementor-element elementor-element-cba3e92 elementor-widget elementor-widget-text-editor\" data-id=\"cba3e92\" data-element_type=\"widget\" data-widget_type=\"text-editor.default\">\n\t\t\t\t<div class=\"elementor-widget-container\">\n\t\t\t\t\t\t\t\t\t<p data-start=\"607\" data-end=\"633\"><strong data-start=\"607\" data-end=\"633\"><span class=\"_fadeIn_m1hgl_8\">Nasza <\/span><span class=\"_fadeIn_m1hgl_8\">oferta <\/span><span class=\"_fadeIn_m1hgl_8\">obejmuje:<\/span><\/strong><\/p><ul data-start=\"635\" data-end=\"1088\"><li data-start=\"635\" data-end=\"715\"><p data-start=\"637\" data-end=\"715\"><span class=\"_fadeIn_m1hgl_8\">Dob\u00f3r <\/span><span class=\"_fadeIn_m1hgl_8\">i <\/span><span class=\"_fadeIn_m1hgl_8\">projektowanie <\/span><span class=\"_fadeIn_m1hgl_8\">system\u00f3w <\/span><span class=\"_fadeIn_m1hgl_8\">alarmowych <\/span><span class=\"_fadeIn_m1hgl_8\">dostosowanych <\/span><span class=\"_fadeIn_m1hgl_8\">do <\/span><span class=\"_fadeIn_m1hgl_8\">specyfiki <\/span><span class=\"_fadeIn_m1hgl_8\">obiektu<\/span><\/p><\/li><li data-start=\"716\" data-end=\"798\"><p data-start=\"718\" data-end=\"798\"><span class=\"_fadeIn_m1hgl_8\">Profesjonalny <\/span><span class=\"_fadeIn_m1hgl_8\">monta\u017c <\/span><span class=\"_fadeIn_m1hgl_8\">z <\/span><span class=\"_fadeIn_m1hgl_8\">u\u017cyciem <\/span><span class=\"_fadeIn_m1hgl_8\">nowoczesnych <\/span><span class=\"_fadeIn_m1hgl_8\">urz\u0105dze\u0144 <\/span><span class=\"_fadeIn_m1hgl_8\">i <\/span><span class=\"_fadeIn_m1hgl_8\">certyfikowanego <\/span><span class=\"_fadeIn_m1hgl_8\">sprz\u0119tu<\/span><\/p><\/li><li data-start=\"799\" data-end=\"868\"><p data-start=\"801\" data-end=\"868\"><span class=\"_fadeIn_m1hgl_8\">Konfiguracj\u0119 <\/span><span class=\"_fadeIn_m1hgl_8\">system\u00f3w <\/span><span class=\"_fadeIn_m1hgl_8\">w <\/span><span class=\"_fadeIn_m1hgl_8\">celu <\/span><span class=\"_fadeIn_m1hgl_8\">zapewnienia <\/span><span class=\"_fadeIn_m1hgl_8\">maksymalnej <\/span><span class=\"_fadeIn_m1hgl_8\">skuteczno\u015bci<\/span><\/p><\/li><li data-start=\"869\" data-end=\"937\"><p data-start=\"871\" data-end=\"937\"><span class=\"_fadeIn_m1hgl_8\">Integracj\u0119 <\/span><span class=\"_fadeIn_m1hgl_8\">z <\/span><span class=\"_fadeIn_m1hgl_8\">monitoringiem <\/span><span class=\"_fadeIn_m1hgl_8\">wizyjnym <\/span><span class=\"_fadeIn_m1hgl_8\">i <\/span><span class=\"_fadeIn_m1hgl_8\">systemami <\/span><span class=\"_fadeIn_m1hgl_8\">kontroli <\/span><span class=\"_fadeIn_m1hgl_8\">dost\u0119pu<\/span><\/p><\/li><li data-start=\"938\" data-end=\"1012\"><p data-start=\"940\" data-end=\"1012\"><span class=\"_fadeIn_m1hgl_8\">Regularne <\/span><span class=\"_fadeIn_m1hgl_8\">przegl\u0105dy <\/span><span class=\"_fadeIn_m1hgl_8\">techniczne <\/span><span class=\"_fadeIn_m1hgl_8\">oraz <\/span><span class=\"_fadeIn_m1hgl_8\">serwis <\/span><span class=\"_fadeIn_m1hgl_8\">gwarancyjny <\/span><span class=\"_fadeIn_m1hgl_8\">i <\/span><span class=\"_fadeIn_m1hgl_8\">pogwarancyjny<\/span><\/p><\/li><li data-start=\"1013\" data-end=\"1088\"><p data-start=\"1015\" data-end=\"1088\"><span class=\"_fadeIn_m1hgl_8\">Szybk\u0105 <\/span><span class=\"_fadeIn_m1hgl_8\">reakcj\u0119 <\/span><span class=\"_fadeIn_m1hgl_8\">w <\/span><span class=\"_fadeIn_m1hgl_8\">przypadku <\/span><span class=\"_fadeIn_m1hgl_8\">awarii <\/span><span class=\"_fadeIn_m1hgl_8\">lub <\/span><span class=\"_fadeIn_m1hgl_8\">konieczno\u015bci <\/span><span class=\"_fadeIn_m1hgl_8\">modernizacji <\/span><span class=\"_fadeIn_m1hgl_8\">systemu<\/span><\/p><\/li><\/ul>\t\t\t\t\t\t\t\t<\/div>\n\t\t\t\t<\/div>\n\t\t\t\t\t<\/div>\n\t\t\t\t<\/div>\n\t\t<div class=\"elementor-element elementor-element-9c68b09 e-flex e-con-boxed e-con e-parent\" data-id=\"9c68b09\" data-element_type=\"container\">\n\t\t\t\t\t<div class=\"e-con-inner\">\n\t\t\t\t<div class=\"elementor-element elementor-element-f7f60f1 elementor-widget elementor-widget-heading\" data-id=\"f7f60f1\" data-element_type=\"widget\" data-widget_type=\"heading.default\">\n\t\t\t\t<div class=\"elementor-widget-container\">\n\t\t\t\t\t<h5 class=\"elementor-heading-title elementor-size-default\">Dlaczego warto nam zaufa\u0107?<\/h5>\t\t\t\t<\/div>\n\t\t\t\t<\/div>\n\t\t\t\t\t<\/div>\n\t\t\t\t<\/div>\n\t\t<div class=\"elementor-element elementor-element-af1d92e e-flex e-con-boxed e-con e-parent\" data-id=\"af1d92e\" data-element_type=\"container\">\n\t\t\t\t\t<div class=\"e-con-inner\">\n\t\t\t\t<div class=\"elementor-element elementor-element-11a702f elementor-widget elementor-widget-text-editor\" data-id=\"11a702f\" data-element_type=\"widget\" data-widget_type=\"text-editor.default\">\n\t\t\t\t<div class=\"elementor-widget-container\">\n\t\t\t\t\t\t\t\t\t<p data-start=\"1090\" data-end=\"1394\"><span class=\"_fadeIn_m1hgl_8\">Ka\u017cdy <\/span><span class=\"_fadeIn_m1hgl_8\">obiekt <\/span><span class=\"_fadeIn_m1hgl_8\">ma <\/span><span class=\"_fadeIn_m1hgl_8\">inne <\/span><span class=\"_fadeIn_m1hgl_8\">potrzeby <\/span><span class=\"_fadeIn_m1hgl_8\">w <\/span><span class=\"_fadeIn_m1hgl_8\">zakresie <\/span><span class=\"_fadeIn_m1hgl_8\">zabezpiecze\u0144, <\/span><span class=\"_fadeIn_m1hgl_8\">dlatego <\/span><span class=\"_fadeIn_m1hgl_8\">do <\/span><span class=\"_fadeIn_m1hgl_8\">ka\u017cdego <\/span><span class=\"_fadeIn_m1hgl_8\">zlecenia <\/span><span class=\"_fadeIn_m1hgl_8\">podchodzimy <\/span><span class=\"_fadeIn_m1hgl_8\">indywidualnie. <\/span><span class=\"_fadeIn_m1hgl_8\">Nasi <\/span><span class=\"_fadeIn_m1hgl_8\">technicy <\/span><span class=\"_fadeIn_m1hgl_8\">posiadaj\u0105 <\/span><span class=\"_fadeIn_m1hgl_8\">niezb\u0119dne <\/span><span class=\"_fadeIn_m1hgl_8\">uprawnienia, <\/span><span class=\"_fadeIn_m1hgl_8\">wiedz\u0119 <\/span><span class=\"_fadeIn_m1hgl_8\">oraz <\/span><span class=\"_fadeIn_m1hgl_8\">do\u015bwiadczenie, <\/span><span class=\"_fadeIn_m1hgl_8\">co <\/span><span class=\"_fadeIn_m1hgl_8\">pozwala <\/span><span class=\"_fadeIn_m1hgl_8\">nam <\/span><span class=\"_fadeIn_m1hgl_8\">zapewni\u0107 <\/span><span class=\"_fadeIn_m1hgl_8\">najwy\u017csz\u0105 <\/span><span class=\"_fadeIn_m1hgl_8\">jako\u015b\u0107 <\/span><span class=\"_fadeIn_m1hgl_8\">us\u0142ug <\/span><span class=\"_fadeIn_m1hgl_8\">i <\/span><span class=\"_fadeIn_m1hgl_8\">bezpiecze\u0144stwo <\/span><span class=\"_fadeIn_m1hgl_8\">na <\/span><span class=\"_fadeIn_m1hgl_8\">najwy\u017cszym <\/span><span class=\"_fadeIn_m1hgl_8\">poziomie.<\/span><\/p><p data-start=\"1396\" data-end=\"1631\"><span class=\"_fadeIn_m1hgl_8\">Wsp\u00f3\u0142pracujemy <\/span><span class=\"_fadeIn_m1hgl_8\">z <\/span><span class=\"_fadeIn_m1hgl_8\">renomowanymi <\/span><span class=\"_fadeIn_m1hgl_8\">producentami <\/span><span class=\"_fadeIn_m1hgl_8\">system\u00f3w <\/span><span class=\"_fadeIn_m1hgl_8\">alarmowych mi\u0119dzy innymi firm\u0105 SATEL, <\/span><span class=\"_fadeIn_m1hgl_8\">dzi\u0119ki <\/span><span class=\"_fadeIn_m1hgl_8\">czemu <\/span><span class=\"_fadeIn_m1hgl_8\">mo\u017cemy <\/span><span class=\"_fadeIn_m1hgl_8\">zaproponowa\u0107 <\/span><span class=\"_fadeIn_m1hgl_8\">nowoczesne <\/span><span class=\"_fadeIn_m1hgl_8\">i <\/span><span class=\"_fadeIn_m1hgl_8\">niezawodne <\/span><span class=\"_fadeIn_m1hgl_8\">rozwi\u0105zania \u2013 <\/span><span class=\"_fadeIn_m1hgl_8\">zar\u00f3wno <\/span><span class=\"_fadeIn_m1hgl_8\">przewodowe, <\/span><span class=\"_fadeIn_m1hgl_8\">jak <\/span><span class=\"_fadeIn_m1hgl_8\">i <\/span><span class=\"_fadeIn_m1hgl_8\">bezprzewodowe, <\/span><span class=\"_fadeIn_m1hgl_8\">z <\/span><span class=\"_fadeIn_m1hgl_8\">mo\u017cliwo\u015bci\u0105 <\/span><span class=\"_fadeIn_m1hgl_8\">zdalnego <\/span><span class=\"_fadeIn_m1hgl_8\">sterowania <\/span><span class=\"_fadeIn_m1hgl_8\">i <\/span><span class=\"_fadeIn_m1hgl_8\">powiadomie\u0144 <\/span><span class=\"_fadeIn_m1hgl_8\">na <\/span><span class=\"_fadeIn_m1hgl_8\">telefon.<\/span><\/p>\t\t\t\t\t\t\t\t<\/div>\n\t\t\t\t<\/div>\n\t\t\t\t\t<\/div>\n\t\t\t\t<\/div>\n\t\t<div class=\"elementor-element elementor-element-ca0e46d e-flex e-con-boxed e-con e-parent\" data-id=\"ca0e46d\" data-element_type=\"container\">\n\t\t\t\t\t<div class=\"e-con-inner\">\n\t\t\t\t<div class=\"elementor-element elementor-element-633df7d elementor-widget elementor-widget-image\" data-id=\"633df7d\" data-element_type=\"widget\" data-widget_type=\"image.default\">\n\t\t\t\t<div class=\"elementor-widget-container\">\n\t\t\t\t\t\t\t\t\t\t\t\t\t\t\t<img decoding=\"async\" width=\"300\" height=\"279\" src=\"https:\/\/instaltech.net.pl\/wp-content\/uploads\/2025\/07\/satel1-300x279.webp\" class=\"attachment-medium size-medium wp-image-145\" alt=\"\" srcset=\"https:\/\/instaltech.net.pl\/wp-content\/uploads\/2025\/07\/satel1-300x279.webp 300w, https:\/\/instaltech.net.pl\/wp-content\/uploads\/2025\/07\/satel1-768x713.webp 768w, https:\/\/instaltech.net.pl\/wp-content\/uploads\/2025\/07\/satel1.webp 814w\" sizes=\"(max-width: 300px) 100vw, 300px\" \/>\t\t\t\t\t\t\t\t\t\t\t\t\t\t\t<\/div>\n\t\t\t\t<\/div>\n\t\t\t\t\t<\/div>\n\t\t\t\t<\/div>\n\t\t<div class=\"elementor-element elementor-element-3840bb3 e-flex e-con-boxed e-con e-parent\" data-id=\"3840bb3\" data-element_type=\"container\">\n\t\t\t\t\t<div class=\"e-con-inner\">\n\t\t\t\t<div class=\"elementor-element elementor-element-0659080 elementor-widget elementor-widget-text-editor\" data-id=\"0659080\" data-element_type=\"widget\" data-widget_type=\"text-editor.default\">\n\t\t\t\t<div class=\"elementor-widget-container\">\n\t\t\t\t\t\t\t\t\t<p data-start=\"1633\" data-end=\"1649\"><strong data-start=\"1633\" data-end=\"1649\"><span class=\"_fadeIn_m1hgl_8\">Obs\u0142ugujemy:<\/span><\/strong><\/p><ul data-start=\"1651\" data-end=\"1804\"><li data-start=\"1651\" data-end=\"1688\"><p data-start=\"1653\" data-end=\"1688\"><span class=\"_fadeIn_m1hgl_8\">Osoby <\/span><span class=\"_fadeIn_m1hgl_8\">prywatne (<\/span><span class=\"_fadeIn_m1hgl_8\">mieszkania, <\/span><span class=\"_fadeIn_m1hgl_8\">domy)<\/span><\/p><\/li><li data-start=\"1689\" data-end=\"1743\"><p data-start=\"1691\" data-end=\"1743\"><span class=\"_fadeIn_m1hgl_8\">Firmy <\/span><span class=\"_fadeIn_m1hgl_8\">i <\/span><span class=\"_fadeIn_m1hgl_8\">instytucje (<\/span><span class=\"_fadeIn_m1hgl_8\">biura, <\/span><span class=\"_fadeIn_m1hgl_8\">sklepy, <\/span><span class=\"_fadeIn_m1hgl_8\">magazyny, <\/span><span class=\"_fadeIn_m1hgl_8\">hale)<\/span><\/p><\/li><li data-start=\"1744\" data-end=\"1804\"><p data-start=\"1746\" data-end=\"1804\"><span class=\"_fadeIn_m1hgl_8\">Wsp\u00f3lnoty <\/span><span class=\"_fadeIn_m1hgl_8\">mieszkaniowe <\/span><span class=\"_fadeIn_m1hgl_8\">i <\/span><span class=\"_fadeIn_m1hgl_8\">obiekty <\/span><span class=\"_fadeIn_m1hgl_8\">u\u017cyteczno\u015bci <\/span><span class=\"_fadeIn_m1hgl_8\">publicznej<\/span><\/p><\/li><\/ul>\t\t\t\t\t\t\t\t<\/div>\n\t\t\t\t<\/div>\n\t\t\t\t\t<\/div>\n\t\t\t\t<\/div>\n\t\t<div class=\"elementor-element elementor-element-9defc2f e-flex e-con-boxed e-con e-parent\" data-id=\"9defc2f\" data-element_type=\"container\">\n\t\t\t\t\t<div class=\"e-con-inner\">\n\t\t\t\t<div class=\"elementor-element elementor-element-6dc4996 elementor-widget elementor-widget-text-editor\" data-id=\"6dc4996\" data-element_type=\"widget\" data-widget_type=\"text-editor.default\">\n\t\t\t\t<div class=\"elementor-widget-container\">\n\t\t\t\t\t\t\t\t\t<p><strong data-start=\"1806\" data-end=\"1882\"><span class=\"_fadeIn_m1hgl_8\">Zadbaj <\/span><span class=\"_fadeIn_m1hgl_8\">o <\/span><span class=\"_fadeIn_m1hgl_8\">bezpiecze\u0144stwo <\/span><span class=\"_fadeIn_m1hgl_8\">swoje <\/span><span class=\"_fadeIn_m1hgl_8\">i <\/span><span class=\"_fadeIn_m1hgl_8\">swoich <\/span><span class=\"_fadeIn_m1hgl_8\">bliskich \u2013 <\/span><span class=\"_fadeIn_m1hgl_8\">skontaktuj <\/span><span class=\"_fadeIn_m1hgl_8\">si\u0119 <\/span><span class=\"_fadeIn_m1hgl_8\">z <\/span><span class=\"_fadeIn_m1hgl_8\">nami!<\/span><\/strong><br data-start=\"1882\" data-end=\"1885\" \/><span class=\"_fadeIn_m1hgl_8\">Z <\/span><span class=\"_fadeIn_m1hgl_8\">przyjemno\u015bci\u0105 <\/span><span class=\"_fadeIn_m1hgl_8\">doradzimy, <\/span><span class=\"_fadeIn_m1hgl_8\">wykonamy <\/span><span class=\"_fadeIn_m1hgl_8\">bezp\u0142atn\u0105 <\/span><span class=\"_fadeIn_m1hgl_8\">wycen\u0119 <\/span><span class=\"_fadeIn_m1hgl_8\">i <\/span><span class=\"_fadeIn_m1hgl_8\">zaproponujemy <\/span><span class=\"_fadeIn_m1hgl_8\">rozwi\u0105zania <\/span><span class=\"_fadeIn_m1hgl_8\">dopasowane <\/span><span class=\"_fadeIn_m1hgl_8\">do <\/span><span class=\"_fadeIn_m1hgl_8\">Twoich <\/span><span class=\"_fadeIn_m1hgl_8\">potrzeb <\/span><span class=\"_fadeIn_m1hgl_8\">i <\/span><span class=\"_fadeIn_m1hgl_8\">bud\u017cetu.<\/span><\/p>\t\t\t\t\t\t\t\t<\/div>\n\t\t\t\t<\/div>\n\t\t\t\t<div class=\"elementor-element elementor-element-eeee3ac elementor-widget elementor-widget-text-editor\" data-id=\"eeee3ac\" data-element_type=\"widget\" data-widget_type=\"text-editor.default\">\n\t\t\t\t<div class=\"elementor-widget-container\">\n\t\t\t\t\t\t\t\t\t<p class=\"dt-mt-4 dt-mb-3\">Skontaktuj si\u0119 z nami ju\u017c dzi\u015b.<\/p><ol class=\"list_none inf_list\"><li><a href=\"https:\/\/instaltech.net.pl\/kontakt\/#\"> <i class=\"text-primary dt-mr-2 fal fa-phone-volume\" aria-hidden=\"true\"><\/i> 606-204-645 <\/a><\/li><li><i class=\"text-primary dt-mr-2 far fa-clock\" aria-hidden=\"true\"><\/i> Pon-Pt: 8:00 \u2013 18:00,<br \/>Sobota-Niedziela: <strong class=\"text-primary\">ZAMKNI\u0118TE<\/strong><\/li><\/ol>\t\t\t\t\t\t\t\t<\/div>\n\t\t\t\t<\/div>\n\t\t\t\t\t<\/div>\n\t\t\t\t<\/div>\n\t\t\t\t<\/div>\n\t\t","protected":false},"excerpt":{"rendered":"<p>Zapewniamy kompleksowe us\u0142ugi w zakresie monta\u017cu, konfiguracji i serwisu system\u00f3w alarmowych, skierowane zar\u00f3wno do firm, jak i u\u017cytkownik\u00f3w prywatnych. Dzia\u0142amy na rynku od wielu lat, dostarczaj\u0105c sprawdzone i skuteczne rozwi\u0105zania,&hellip;<\/p>\n","protected":false},"author":1,"featured_media":0,"parent":0,"menu_order":0,"comment_status":"closed","ping_status":"closed","template":"","meta":{"footnotes":""},"class_list":["post-103","page","type-page","status-publish","hentry"],"_links":{"self":[{"href":"https:\/\/instaltech.net.pl\/index.php?rest_route=\/wp\/v2\/pages\/103","targetHints":{"allow":["GET"]}}],"collection":[{"href":"https:\/\/instaltech.net.pl\/index.php?rest_route=\/wp\/v2\/pages"}],"about":[{"href":"https:\/\/instaltech.net.pl\/index.php?rest_route=\/wp\/v2\/types\/page"}],"author":[{"embeddable":true,"href":"https:\/\/instaltech.net.pl\/index.php?rest_route=\/wp\/v2\/users\/1"}],"replies":[{"embeddable":true,"href":"https:\/\/instaltech.net.pl\/index.php?rest_route=%2Fwp%2Fv2%2Fcomments&post=103"}],"version-history":[{"count":13,"href":"https:\/\/instaltech.net.pl\/index.php?rest_route=\/wp\/v2\/pages\/103\/revisions"}],"predecessor-version":[{"id":160,"href":"https:\/\/instaltech.net.pl\/index.php?rest_route=\/wp\/v2\/pages\/103\/revisions\/160"}],"wp:attachment":[{"href":"https:\/\/instaltech.net.pl\/index.php?rest_route=%2Fwp%2Fv2%2Fmedia&parent=103"}],"curies":[{"name":"wp","href":"https:\/\/api.w.org\/{rel}","templated":true}]}}